{"id":3370,"date":"2022-07-08T12:04:51","date_gmt":"2022-07-08T16:04:51","guid":{"rendered":"https:\/\/protectionpetitenation.com\/contact-us\/"},"modified":"2025-06-30T18:29:46","modified_gmt":"2025-06-30T22:29:46","slug":"contact-us","status":"publish","type":"page","link":"https:\/\/protectionpetitenation.com\/en\/contact-us\/","title":{"rendered":"Contact Us"},"content":{"rendered":"<p>RPLPN\t\t\t\t<\/p>\n<h1>Contact Us<\/h1>\n<p>To contact the Regroupement de la<br \/>Protection of the Petite-Nation Lakes:<\/p>\n<p>Louis saint-hilaire<\/p>\n<p>Responsible<\/p>\n<p><a href=\"mailto:info@protectionpetitenation.com\">info@protectionpetitenation.com<\/a><\/p>\n<p>\t\t\t\t\t\t\t\t\t\t\t\t\t\t\t<img fetchpriority=\"high\" decoding=\"async\" width=\"861\" height=\"641\" src=\"https:\/\/protectionpetitenation.com\/wp-content\/uploads\/2022\/07\/RPLPN-Contact.jpg\" alt=\"RPLPN nous rejoindre\" srcset=\"https:\/\/protectionpetitenation.com\/wp-content\/uploads\/2022\/07\/RPLPN-Contact.jpg 861w, https:\/\/protectionpetitenation.com\/wp-content\/uploads\/2022\/07\/RPLPN-Contact-300x223.jpg 300w, https:\/\/protectionpetitenation.com\/wp-content\/uploads\/2022\/07\/RPLPN-Contact-768x572.jpg 768w\" sizes=\"(max-width: 861px) 100vw, 861px\" \/><br \/>\n\t\t\t\t\t\t\t\t\t\t\t\t\t\t\t<img decoding=\"async\" width=\"500\" height=\"345\" src=\"https:\/\/protectionpetitenation.com\/wp-content\/uploads\/2022\/07\/faucon.png\" alt=\"\" srcset=\"https:\/\/protectionpetitenation.com\/wp-content\/uploads\/2022\/07\/faucon.png 500w, https:\/\/protectionpetitenation.com\/wp-content\/uploads\/2022\/07\/faucon-300x207.png 300w\" sizes=\"(max-width: 500px) 100vw, 500px\" \/><br \/>\n\t\t\t\t\tTo communicate\t\t\t\t<\/p>\n<h2>WITH YOUR LAKE<br \/>\nASSOCIATION:<\/h2>\n<p>\t\t\t\t\tFiltrer par:<br \/>\n\t\t<input\n\t\t\tclass=\"jet-search-filter__input\"\n\t\t\ttype=\"search\"\n\t\t\tautocomplete=\"off\"\n\t\t\tname=\"query\"\n\t\t\tvalue=\"\"\n\t\t\tplaceholder=\"Recherche par nom\"\n\t\t\taria-label=\"Filtrer par:\"\n\t\t\t\t\t><br \/>\n\t\t\t\t<svg width=\"22\" height=\"28\" viewBox=\"0 0 22 28\" xmlns=\"http:\/\/www.w3.org\/2000\/svg\">\n\t<path d=\"M20.281 20.656c0 0.391-0.156 0.781-0.438 1.062l-2.125 2.125c-0.281 0.281-0.672 0.438-1.062 0.438s-0.781-0.156-1.062-0.438l-4.594-4.594-4.594 4.594c-0.281 0.281-0.672 0.438-1.062 0.438s-0.781-0.156-1.062-0.438l-2.125-2.125c-0.281-0.281-0.438-0.672-0.438-1.062s0.156-0.781 0.438-1.062l4.594-4.594-4.594-4.594c-0.281-0.281-0.438-0.672-0.438-1.062s0.156-0.781 0.438-1.062l2.125-2.125c0.281-0.281 0.672-0.438 1.062-0.438s0.781 0.156 1.062 0.438l4.594 4.594 4.594-4.594c0.281-0.281 0.672-0.438 1.062-0.438s0.781 0.156 1.062 0.438l2.125 2.125c0.281 0.281 0.438 0.672 0.438 1.062s-0.156 0.781-0.438 1.062l-4.594 4.594 4.594 4.594c0.281 0.281 0.438 0.672 0.438 1.062z\"><\/path>\n<\/svg><\/p>\n<style id=\"elementor-post-196\">.elementor-196 .elementor-element.elementor-element-a407c68{--display:flex;--min-height:245px;--flex-direction:column;--container-widget-width:100%;--container-widget-height:initial;--container-widget-flex-grow:0;--container-widget-align-self:initial;--flex-wrap-mobile:wrap;--justify-content:space-between;border-style:solid;--border-style:solid;border-width:1px 1px 1px 1px;--border-top-width:1px;--border-right-width:1px;--border-bottom-width:1px;--border-left-width:1px;border-color:#210C004F;--border-color:#210C004F;--padding-top:40px;--padding-bottom:40px;--padding-left:40px;--padding-right:40px;}.elementor-196 .elementor-element.elementor-element-a407c68:not(.elementor-motion-effects-element-type-background), .elementor-196 .elementor-element.elementor-element-a407c68 > .elementor-motion-effects-container > .elementor-motion-effects-layer{background-color:var( --e-global-color-ade634b );}.elementor-196 .elementor-element.elementor-element-82e81f6{text-align:center;}.elementor-196 .elementor-element.elementor-element-82e81f6 .elementor-heading-title{font-family:\"Red Hat Display\", Sans-serif;font-size:19px;font-weight:400;text-transform:none;}.elementor-196 .elementor-element.elementor-element-3a75d6d > .elementor-widget-container{margin:0px 0px 10px 0px;}.elementor-196 .elementor-element.elementor-element-3a75d6d .jet-listing-dynamic-field .jet-listing-dynamic-field__inline-wrap{width:auto;}.elementor-196 .elementor-element.elementor-element-3a75d6d .jet-listing-dynamic-field .jet-listing-dynamic-field__content{width:auto;}.elementor-196 .elementor-element.elementor-element-3a75d6d .jet-listing-dynamic-field{justify-content:center;}.elementor-196 .elementor-element.elementor-element-3a75d6d .jet-listing-dynamic-field__content{text-align:left;}.elementor-196 .elementor-element.elementor-element-480f9cc{--display:flex;--flex-direction:row;--container-widget-width:initial;--container-widget-height:100%;--container-widget-flex-grow:1;--container-widget-align-self:stretch;--flex-wrap-mobile:wrap;--justify-content:space-evenly;}.elementor-196 .elementor-element.elementor-element-6e20fae .elementor-repeater-item-c767cfd.elementor-social-icon{background-color:var( --e-global-color-secondary );}.elementor-196 .elementor-element.elementor-element-6e20fae .elementor-repeater-item-c767cfd.elementor-social-icon i{color:var( --e-global-color-ade634b );}.elementor-196 .elementor-element.elementor-element-6e20fae .elementor-repeater-item-c767cfd.elementor-social-icon svg{fill:var( --e-global-color-ade634b );}.elementor-196 .elementor-element.elementor-element-6e20fae{--grid-template-columns:repeat(0, auto);--icon-size:20px;--grid-column-gap:5px;--grid-row-gap:0px;}.elementor-196 .elementor-element.elementor-element-6e20fae .elementor-widget-container{text-align:center;}.elementor-196 .elementor-element.elementor-element-c935593 .elementor-repeater-item-c767cfd.elementor-social-icon{background-color:var( --e-global-color-secondary );}.elementor-196 .elementor-element.elementor-element-c935593 .elementor-repeater-item-c767cfd.elementor-social-icon i{color:var( --e-global-color-ade634b );}.elementor-196 .elementor-element.elementor-element-c935593 .elementor-repeater-item-c767cfd.elementor-social-icon svg{fill:var( --e-global-color-ade634b );}.elementor-196 .elementor-element.elementor-element-c935593{--grid-template-columns:repeat(0, auto);--icon-size:20px;--grid-column-gap:5px;--grid-row-gap:0px;}.elementor-196 .elementor-element.elementor-element-c935593 .elementor-widget-container{text-align:center;}.elementor-196 .elementor-element.elementor-element-c5bd8d5 .elementor-repeater-item-c767cfd.elementor-social-icon{background-color:var( --e-global-color-secondary );}.elementor-196 .elementor-element.elementor-element-c5bd8d5 .elementor-repeater-item-c767cfd.elementor-social-icon i{color:var( --e-global-color-ade634b );}.elementor-196 .elementor-element.elementor-element-c5bd8d5 .elementor-repeater-item-c767cfd.elementor-social-icon svg{fill:var( --e-global-color-ade634b );}.elementor-196 .elementor-element.elementor-element-c5bd8d5{--grid-template-columns:repeat(0, auto);--icon-size:20px;--grid-column-gap:5px;--grid-row-gap:0px;}.elementor-196 .elementor-element.elementor-element-c5bd8d5 .elementor-widget-container{text-align:center;}.jet-listing-item.single-jet-engine.elementor-page-196 > .elementor{width:430px;margin-left:auto;margin-right:auto;}<\/style>\n<p><b>Responsable:<\/b> Philippe Gagn\u00e9<\/p>\n<p><b>Responsable:<\/b> Nathalie Dupuis<\/p>\n<p><b>Responsable:<\/b> Louis St-Hilaire<\/p>\n<p><b>Responsable:<\/b> Paul Malouf<\/p>\n<p><b>Responsable:<\/b> Jean Daoust<\/p>\n<p><b>Responsable:<\/b> Odette Clairoux<\/p>\n<p><b>Responsable:<\/b> H\u00e9l\u00e8ne Crevier<\/p>\n<p><b>Responsable:<\/b> Carl Theriault<\/p>\n<p><b>Responsable:<\/b> Nadine Nolet<\/p>\n<p><b>Responsable:<\/b> \u00c0 suivre<\/p>\n<p>\t\t\t\t\t\t\t\t\t\t\t\t\t\t\t<img decoding=\"async\" width=\"500\" height=\"435\" src=\"https:\/\/protectionpetitenation.com\/wp-content\/uploads\/2022\/07\/ecureuil.png\" alt=\"\u00e9cureuil\" srcset=\"https:\/\/protectionpetitenation.com\/wp-content\/uploads\/2022\/07\/ecureuil.png 500w, https:\/\/protectionpetitenation.com\/wp-content\/uploads\/2022\/07\/ecureuil-300x261.png 300w\" sizes=\"(max-width: 500px) 100vw, 500px\" \/>\t\t\t\t\t\t\t\t\t\t\t\t\t\t\t<\/p>\n<h2>WOULD YOU LIKE TO COLLABORATE WITHIN THE GROUP?<\/h2>\n<p>Check out the Frequently Asked Questions on this topic and get many more answers.<\/p>\n<p>\t\t\t\t\t<a href=\"https:\/\/protectionpetitenation.com\/en\/frequently-asked-questions\/\"><br \/>\n\t\t\t\t\t\t\t\t\tfaq<br \/>\n\t\t\t\t\t<\/a><\/p>\n","protected":false},"excerpt":{"rendered":"<p>RPLPN Contact Us To contact the Regroupement de laProtection of the Petite-Nation Lakes: Louis saint-hilaire Responsible info@protectionpetitenation.com To communicate WITH YOUR LAKE ASSOCIATION: Filtrer par: Responsable: Philippe Gagn\u00e9 Responsable: Nathalie Dupuis Responsable: Louis St-Hilaire Responsable: Paul Malouf Responsable: Jean Daoust Responsable: Odette Clairoux Responsable: H\u00e9l\u00e8ne Crevier Responsable: Carl Theriault Responsable: Nadine Nolet Responsable: \u00c0 suivre&#8230;<\/p>\n","protected":false},"author":2,"featured_media":0,"parent":0,"menu_order":0,"comment_status":"closed","ping_status":"closed","template":"","meta":{"_kad_post_transparent":"","_kad_post_title":"","_kad_post_layout":"","_kad_post_sidebar_id":"","_kad_post_content_style":"","_kad_post_vertical_padding":"","_kad_post_feature":"","_kad_post_feature_position":"","_kad_post_header":false,"_kad_post_footer":false,"_kad_post_classname":"","iawp_total_views":31,"footnotes":""},"class_list":["post-3370","page","type-page","status-publish","hentry"],"_links":{"self":[{"href":"https:\/\/protectionpetitenation.com\/en\/wp-json\/wp\/v2\/pages\/3370","targetHints":{"allow":["GET"]}}],"collection":[{"href":"https:\/\/protectionpetitenation.com\/en\/wp-json\/wp\/v2\/pages"}],"about":[{"href":"https:\/\/protectionpetitenation.com\/en\/wp-json\/wp\/v2\/types\/page"}],"author":[{"embeddable":true,"href":"https:\/\/protectionpetitenation.com\/en\/wp-json\/wp\/v2\/users\/2"}],"replies":[{"embeddable":true,"href":"https:\/\/protectionpetitenation.com\/en\/wp-json\/wp\/v2\/comments?post=3370"}],"version-history":[{"count":0,"href":"https:\/\/protectionpetitenation.com\/en\/wp-json\/wp\/v2\/pages\/3370\/revisions"}],"wp:attachment":[{"href":"https:\/\/protectionpetitenation.com\/en\/wp-json\/wp\/v2\/media?parent=3370"}],"curies":[{"name":"wp","href":"https:\/\/api.w.org\/{rel}","templated":true}]}}