{"id":3329,"date":"2022-07-19T16:41:56","date_gmt":"2022-07-19T20:41:56","guid":{"rendered":"https:\/\/protectionpetitenation.com\/newspaper-articles\/"},"modified":"2025-07-01T14:30:03","modified_gmt":"2025-07-01T18:30:03","slug":"newspaper-articles","status":"publish","type":"page","link":"https:\/\/protectionpetitenation.com\/en\/newspaper-articles\/","title":{"rendered":"NEWSPAPER ARTICLES"},"content":{"rendered":"\t\t<div data-elementor-type=\"wp-page\" data-elementor-id=\"3329\" class=\"elementor elementor-3329 elementor-1311\" data-elementor-post-type=\"page\">\n\t\t\t\t\t\t<section class=\"elementor-section elementor-top-section elementor-element elementor-element-7b13e066 elementor-section-height-min-height elementor-section-boxed elementor-section-height-default elementor-section-items-middle\" data-id=\"7b13e066\" data-element_type=\"section\" data-e-type=\"section\" data-settings=\"{&quot;background_background&quot;:&quot;classic&quot;}\">\n\t\t\t\t\t\t<div class=\"elementor-container elementor-column-gap-default\">\n\t\t\t\t\t<div class=\"elementor-column elementor-col-100 elementor-top-column elementor-element elementor-element-6c3cf3c9\" data-id=\"6c3cf3c9\" data-element_type=\"column\" data-e-type=\"column\">\n\t\t\t<div class=\"elementor-widget-wrap elementor-element-populated\">\n\t\t\t\t\t\t<div class=\"elementor-element elementor-element-79d7a001 elementor-widget__width-auto e-transform elementor-invisible elementor-widget elementor-widget-heading\" data-id=\"79d7a001\" data-element_type=\"widget\" data-e-type=\"widget\" data-settings=\"{&quot;_transform_rotateZ_effect&quot;:{&quot;unit&quot;:&quot;px&quot;,&quot;size&quot;:-5,&quot;sizes&quot;:[]},&quot;_animation&quot;:&quot;pulse&quot;,&quot;_transform_rotateZ_effect_tablet_extra&quot;:{&quot;unit&quot;:&quot;deg&quot;,&quot;size&quot;:&quot;&quot;,&quot;sizes&quot;:[]},&quot;_transform_rotateZ_effect_tablet&quot;:{&quot;unit&quot;:&quot;deg&quot;,&quot;size&quot;:&quot;&quot;,&quot;sizes&quot;:[]},&quot;_transform_rotateZ_effect_mobile&quot;:{&quot;unit&quot;:&quot;deg&quot;,&quot;size&quot;:&quot;&quot;,&quot;sizes&quot;:[]}}\" data-widget_type=\"heading.default\">\n\t\t\t\t<div class=\"elementor-widget-container\">\n\t\t\t\t\t<span class=\"elementor-heading-title elementor-size-default\">rplpn<\/span>\t\t\t\t<\/div>\n\t\t\t\t<\/div>\n\t\t\t\t<div class=\"elementor-element elementor-element-3c04bf07 elementor-invisible elementor-widget elementor-widget-heading\" data-id=\"3c04bf07\" data-element_type=\"widget\" data-e-type=\"widget\" data-settings=\"{&quot;_animation&quot;:&quot;fadeInLeft&quot;}\" data-widget_type=\"heading.default\">\n\t\t\t\t<div class=\"elementor-widget-container\">\n\t\t\t\t\t<h1 class=\"elementor-heading-title elementor-size-default\">NEWSPAPER <br>ARTICLES<\/h1>\t\t\t\t<\/div>\n\t\t\t\t<\/div>\n\t\t\t\t\t<\/div>\n\t\t<\/div>\n\t\t\t\t\t<\/div>\n\t\t<\/section>\n\t\t<div class=\"elementor-element elementor-element-f22c3d9 e-flex e-con-boxed elementor-invisible e-con e-parent\" data-id=\"f22c3d9\" data-element_type=\"container\" data-e-type=\"container\" data-settings=\"{&quot;animation&quot;:&quot;fadeInUp&quot;}\">\n\t\t\t\t\t<div class=\"e-con-inner\">\n\t\t<div class=\"elementor-element elementor-element-c41c5ad e-flex e-con-boxed e-con e-child\" data-id=\"c41c5ad\" data-element_type=\"container\" data-e-type=\"container\">\n\t\t\t\t\t<div class=\"e-con-inner\">\n\t\t\t\t<div class=\"elementor-element elementor-element-4db948f jet-smart-filter-content-position-line jet-smart-filter-content-position-column elementor-widget-mobile__width-inherit jet-smart-filter-group-position-column elementor-invisible elementor-widget elementor-widget-jet-smart-filters-select\" data-id=\"4db948f\" data-element_type=\"widget\" data-e-type=\"widget\" data-settings=\"{&quot;_animation&quot;:&quot;fadeIn&quot;}\" data-widget_type=\"jet-smart-filters-select.default\">\n\t\t\t\t<div class=\"elementor-widget-container\">\n\t\t\t\t\t<div class=\"jet-smart-filters-select jet-filter \" data-indexer-rule=\"show\" data-show-counter=\"\" data-change-counter=\"always\"><div class=\"jet-filter-label\">Filter by:<\/div>\n<div class=\"jet-select\" data-query-type=\"tax_query\" data-query-var=\"type-d039article\" data-smart-filter=\"select\" data-filter-id=\"3509\" data-apply-type=\"ajax\" data-content-provider=\"jet-engine\" data-additional-providers=\"\" data-query-id=\"default\" data-active-label=\"Category\" data-layout-options=\"{&quot;show_label&quot;:true,&quot;display_options&quot;:{&quot;show_items_label&quot;:false,&quot;show_decorator&quot;:false,&quot;filter_image_size&quot;:&quot;full&quot;,&quot;show_counter&quot;:false}}\" data-query-var-suffix=\"\" data-apply-on=\"value\">\n\t\t<\/div><\/div>\t\t\t\t<\/div>\n\t\t\t\t<\/div>\n\t\t\t\t<div class=\"elementor-element elementor-element-f466f4f jet-smart-filter-content-position-line jet-smart-filter-content-position-column elementor-widget-mobile__width-inherit jet-smart-filter-group-position-column elementor-invisible elementor-widget elementor-widget-jet-smart-filters-select\" data-id=\"f466f4f\" data-element_type=\"widget\" data-e-type=\"widget\" data-settings=\"{&quot;_animation&quot;:&quot;fadeIn&quot;}\" data-widget_type=\"jet-smart-filters-select.default\">\n\t\t\t\t<div class=\"elementor-widget-container\">\n\t\t\t\t\t<div class=\"jet-smart-filters-select jet-filter \" data-indexer-rule=\"show\" data-show-counter=\"\" data-change-counter=\"always\"><div class=\"jet-select\" data-query-type=\"tax_query\" data-query-var=\"auteur\" data-smart-filter=\"select\" data-filter-id=\"3510\" data-apply-type=\"ajax\" data-content-provider=\"jet-engine\" data-additional-providers=\"\" data-query-id=\"default\" data-active-label=\"author\" data-layout-options=\"{&quot;show_label&quot;:&quot;&quot;,&quot;display_options&quot;:{&quot;show_items_label&quot;:false,&quot;show_decorator&quot;:false,&quot;filter_image_size&quot;:&quot;full&quot;,&quot;show_counter&quot;:false}}\" data-query-var-suffix=\"\" data-apply-on=\"value\">\n\t\t\t\t<select\n\t\t\tclass=\"jet-select__control\"\n\t\t\tname=\"auteur\"\n\t\t\t\t\t\taria-label=\"Author\"\n\t\t>\n\t\t\t\t\t\t\t\t\t\t<option\n\t\t\t\t\tvalue=\"\"\n\t\t\t\t\tdata-label=\"By author\"\n\t\t\t\t\tdata-counter-prefix=\"\"\n\t\t\t\t\tdata-counter-suffix=\"\"\n\t\t\t\t\t\t\t\t\t\t\t\t\t\t>\n\t\t\t\t\tBy author\t\t\t\t<\/option>\n\t\t\t\t\t\t\t\t<option\n\t\t\t\t\tvalue=\"73\"\n\t\t\t\t\tdata-label=\"Journal de Montr\u00e9al\"\n\t\t\t\t\tdata-counter-prefix=\"\"\n\t\t\t\t\tdata-counter-suffix=\"\"\n\t\t\t\t\t\t\t\t\t\t\t\t\t\t>\n\t\t\t\t\tJournal de Montr\u00e9al\t\t\t\t<\/option>\n\t\t\t\t\t\t\t\t<option\n\t\t\t\t\tvalue=\"35\"\n\t\t\t\t\tdata-label=\"Radio France\"\n\t\t\t\t\tdata-counter-prefix=\"\"\n\t\t\t\t\tdata-counter-suffix=\"\"\n\t\t\t\t\t\t\t\t\t\t\t\t\t\t>\n\t\t\t\t\tRadio France\t\t\t\t<\/option>\n\t\t\t\t\t\t\t\t<option\n\t\t\t\t\tvalue=\"19\"\n\t\t\t\t\tdata-label=\"Radio-Canada\"\n\t\t\t\t\tdata-counter-prefix=\"\"\n\t\t\t\t\tdata-counter-suffix=\"\"\n\t\t\t\t\t\t\t\t\t\t\t\t\t\t>\n\t\t\t\t\tRadio-Canada\t\t\t\t<\/option>\n\t\t\t\t\t\t\t\t<option\n\t\t\t\t\tvalue=\"25\"\n\t\t\t\t\tdata-label=\"SNAP Qu\u00e9bec\"\n\t\t\t\t\tdata-counter-prefix=\"\"\n\t\t\t\t\tdata-counter-suffix=\"\"\n\t\t\t\t\t\t\t\t\t\t\t\t\t\t>\n\t\t\t\t\tSNAP Qu\u00e9bec\t\t\t\t<\/option>\n\t\t\t\t\t\t\t\t<option\n\t\t\t\t\tvalue=\"75\"\n\t\t\t\t\tdata-label=\"The Guardian\"\n\t\t\t\t\tdata-counter-prefix=\"\"\n\t\t\t\t\tdata-counter-suffix=\"\"\n\t\t\t\t\t\t\t\t\t\t\t\t\t\t>\n\t\t\t\t\tThe Guardian\t\t\t\t<\/option>\n\t\t\t\t\t\t\t\t<option\n\t\t\t\t\tvalue=\"36\"\n\t\t\t\t\tdata-label=\"Toronto Star\"\n\t\t\t\t\tdata-counter-prefix=\"\"\n\t\t\t\t\tdata-counter-suffix=\"\"\n\t\t\t\t\t\t\t\t\t\t\t\t\t\t>\n\t\t\t\t\tToronto Star\t\t\t\t<\/option>\n\t\t\t\t\t\t\t\t<option\n\t\t\t\t\tvalue=\"33\"\n\t\t\t\t\tdata-label=\"TVA Gatineau\"\n\t\t\t\t\tdata-counter-prefix=\"\"\n\t\t\t\t\tdata-counter-suffix=\"\"\n\t\t\t\t\t\t\t\t\t\t\t\t\t\t>\n\t\t\t\t\tTVA Gatineau\t\t\t\t<\/option>\n\t\t\t\t<\/select>\n\t<\/div><\/div>\t\t\t\t<\/div>\n\t\t\t\t<\/div>\n\t\t\t\t\t<\/div>\n\t\t\t\t<\/div>\n\t\t<div class=\"elementor-element elementor-element-15af5f5 e-flex e-con-boxed e-con e-child\" data-id=\"15af5f5\" data-element_type=\"container\" data-e-type=\"container\">\n\t\t\t\t\t<div class=\"e-con-inner\">\n\t\t\t\t<div class=\"elementor-element elementor-element-265dbd8 elementor-widget elementor-widget-jet-smart-filters-remove-filters hide-widget\" data-id=\"265dbd8\" data-element_type=\"widget\" data-e-type=\"widget\" data-widget_type=\"jet-smart-filters-remove-filters.default\">\n\t\t\t\t<div class=\"elementor-widget-container\">\n\t\t\t\t\t<div class=\"jet-smart-filters-remove-filters jet-filter\"><div class=\"jet-remove-all-filters hide\">\n\t<button\n\t\ttype=\"button\"\n\t\tclass=\"jet-remove-all-filters__button\"\n\t\tdata-content-provider=\"jet-engine\"\n\t\tdata-additional-providers=\"\"\n\t\tdata-apply-type=\"ajax\"\n\t\tdata-query-id=\"default\"\n\t\t\t>\n\t\tClear filters\t<\/button>\n<\/div><\/div>\t\t\t\t<\/div>\n\t\t\t\t<\/div>\n\t\t\t\t\t<\/div>\n\t\t\t\t<\/div>\n\t\t\t\t<div class=\"elementor-element elementor-element-39529c1 elementor-widget elementor-widget-jet-listing-grid\" data-id=\"39529c1\" data-element_type=\"widget\" data-e-type=\"widget\" data-settings=\"{&quot;columns&quot;:&quot;3&quot;,&quot;columns_tablet_extra&quot;:&quot;2&quot;,&quot;columns_mobile&quot;:&quot;1&quot;}\" data-widget_type=\"jet-listing-grid.default\">\n\t\t\t\t<div class=\"elementor-widget-container\">\n\t\t\t\t\t<div class=\"jet-listing-grid jet-listing-grid--lazy-load jet-listing jet-listing-grid-loading\" data-lazy-load=\"{&quot;offset&quot;:&quot;0px&quot;,&quot;post_id&quot;:3329,&quot;queried_id&quot;:&quot;3329|WP_Post&quot;}\"><div class=\"jet-listing-grid__loader\"><div class=\"jet-listing-grid__loader-spinner\"><\/div><\/div><\/div>\t\t\t\t<\/div>\n\t\t\t\t<\/div>\n\t\t\t\t\t<\/div>\n\t\t\t\t<\/div>\n\t\t<div class=\"elementor-element elementor-element-ccc513d e-con-full e-flex e-con e-parent\" data-id=\"ccc513d\" data-element_type=\"container\" data-e-type=\"container\">\n\t\t\t\t<div class=\"elementor-element elementor-element-ee4eabd elementor-absolute elementor-invisible elementor-widget elementor-widget-image\" data-id=\"ee4eabd\" data-element_type=\"widget\" data-e-type=\"widget\" data-settings=\"{&quot;_position&quot;:&quot;absolute&quot;,&quot;_animation&quot;:&quot;fadeInRight&quot;}\" data-widget_type=\"image.default\">\n\t\t\t\t<div class=\"elementor-widget-container\">\n\t\t\t\t\t\t\t\t\t\t\t\t\t\t\t<img fetchpriority=\"high\" decoding=\"async\" width=\"502\" height=\"548\" src=\"https:\/\/protectionpetitenation.com\/wp-content\/uploads\/2022\/07\/loups.png\" class=\"attachment-large size-large wp-image-3148\" alt=\"wolfes\" srcset=\"https:\/\/protectionpetitenation.com\/wp-content\/uploads\/2022\/07\/loups.png 502w, https:\/\/protectionpetitenation.com\/wp-content\/uploads\/2022\/07\/loups-275x300.png 275w\" sizes=\"(max-width: 502px) 100vw, 502px\" \/>\t\t\t\t\t\t\t\t\t\t\t\t\t\t\t<\/div>\n\t\t\t\t<\/div>\n\t\t\t\t<\/div>\n\t\t\t\t<section class=\"elementor-section elementor-top-section elementor-element elementor-element-5790027 elementor-section-boxed elementor-section-height-default elementor-section-height-default\" data-id=\"5790027\" data-element_type=\"section\" data-e-type=\"section\" data-settings=\"{&quot;background_background&quot;:&quot;classic&quot;,&quot;shape_divider_top&quot;:&quot;waves&quot;,&quot;shape_divider_top_negative&quot;:&quot;yes&quot;}\">\n\t\t\t\t\t<div class=\"elementor-shape elementor-shape-top\" aria-hidden=\"true\" data-negative=\"true\">\n\t\t\t<svg xmlns=\"http:\/\/www.w3.org\/2000\/svg\" viewBox=\"0 0 1000 100\" preserveAspectRatio=\"none\">\n\t<path class=\"elementor-shape-fill\" d=\"M790.5,93.1c-59.3-5.3-116.8-18-192.6-50c-29.6-12.7-76.9-31-100.5-35.9c-23.6-4.9-52.6-7.8-75.5-5.3\n\tc-10.2,1.1-22.6,1.4-50.1,7.4c-27.2,6.3-58.2,16.6-79.4,24.7c-41.3,15.9-94.9,21.9-134,22.6C72,58.2,0,25.8,0,25.8V100h1000V65.3\n\tc0,0-51.5,19.4-106.2,25.7C839.5,97,814.1,95.2,790.5,93.1z\"\/>\n<\/svg>\t\t<\/div>\n\t\t\t\t\t<div class=\"elementor-container elementor-column-gap-default\">\n\t\t\t\t\t<div class=\"elementor-column elementor-col-66 elementor-top-column elementor-element elementor-element-f3c1ca8\" data-id=\"f3c1ca8\" data-element_type=\"column\" data-e-type=\"column\">\n\t\t\t<div class=\"elementor-widget-wrap elementor-element-populated\">\n\t\t\t\t\t\t<div class=\"elementor-element elementor-element-8253444 elementor-invisible elementor-widget elementor-widget-heading\" data-id=\"8253444\" data-element_type=\"widget\" data-e-type=\"widget\" data-settings=\"{&quot;_animation&quot;:&quot;fadeInLeft&quot;}\" data-widget_type=\"heading.default\">\n\t\t\t\t<div class=\"elementor-widget-container\">\n\t\t\t\t\t<h2 class=\"elementor-heading-title elementor-size-default\">Are you a journalist?<\/h2>\t\t\t\t<\/div>\n\t\t\t\t<\/div>\n\t\t\t\t<div class=\"elementor-element elementor-element-f218590 elementor-widget-divider--view-line elementor-invisible elementor-widget elementor-widget-divider\" data-id=\"f218590\" data-element_type=\"widget\" data-e-type=\"widget\" data-settings=\"{&quot;_animation&quot;:&quot;fadeIn&quot;}\" data-widget_type=\"divider.default\">\n\t\t\t\t<div class=\"elementor-widget-container\">\n\t\t\t\t\t\t\t<div class=\"elementor-divider\">\n\t\t\t<span class=\"elementor-divider-separator\">\n\t\t\t\t\t\t<\/span>\n\t\t<\/div>\n\t\t\t\t\t\t<\/div>\n\t\t\t\t<\/div>\n\t\t\t\t<div class=\"elementor-element elementor-element-ce4f0b7 elementor-invisible elementor-widget elementor-widget-text-editor\" data-id=\"ce4f0b7\" data-element_type=\"widget\" data-e-type=\"widget\" data-settings=\"{&quot;_animation&quot;:&quot;fadeIn&quot;}\" data-widget_type=\"text-editor.default\">\n\t\t\t\t<div class=\"elementor-widget-container\">\n\t\t\t\t\t\t\t\t\t<p>Do you want to prepare an article or a report to further inform the public?<\/p>\t\t\t\t\t\t\t\t<\/div>\n\t\t\t\t<\/div>\n\t\t\t\t\t<\/div>\n\t\t<\/div>\n\t\t\t\t<div class=\"elementor-column elementor-col-33 elementor-top-column elementor-element elementor-element-59f974c\" data-id=\"59f974c\" data-element_type=\"column\" data-e-type=\"column\">\n\t\t\t<div class=\"elementor-widget-wrap elementor-element-populated\">\n\t\t\t\t\t\t<div class=\"elementor-element elementor-element-e32e12e elementor-align-center elementor-invisible elementor-widget elementor-widget-button\" data-id=\"e32e12e\" data-element_type=\"widget\" data-e-type=\"widget\" data-settings=\"{&quot;_animation&quot;:&quot;fadeInRight&quot;}\" data-widget_type=\"button.default\">\n\t\t\t\t<div class=\"elementor-widget-container\">\n\t\t\t\t\t\t\t\t\t<div class=\"elementor-button-wrapper\">\n\t\t\t\t\t<a class=\"elementor-button elementor-button-link elementor-size-sm\" href=\"https:\/\/protectionpetitenation.com\/en\/contact-us\/\">\n\t\t\t\t\t\t<span class=\"elementor-button-content-wrapper\">\n\t\t\t\t\t\t\t\t\t<span class=\"elementor-button-text\">Contact Us<\/span>\n\t\t\t\t\t<\/span>\n\t\t\t\t\t<\/a>\n\t\t\t\t<\/div>\n\t\t\t\t\t\t\t\t<\/div>\n\t\t\t\t<\/div>\n\t\t\t\t\t<\/div>\n\t\t<\/div>\n\t\t\t\t\t<\/div>\n\t\t<\/section>\n\t\t\t\t<\/div>\n\t\t","protected":false},"excerpt":{"rendered":"<p>rplpn NEWSPAPER ARTICLES Filter par : Cat\u00e9goriesImpact des minesLe regroupement et le projet Lomiko Par auteur985 fmCanada Mining WatchCBC OttawaCoalition pour que le Qu\u00e9bec ait meilleure mineCogeco medias 104.7Financial PostJournal Acc\u00e8sL&#8217;info du NordL&#8217;info Petite NationLa CharlevoisienLa PresseLa terreLe DevoirLe DroitLe Journal de Montr\u00e9alMRC de PapineauMRC des LaurentidesNorthern MinerRadio FranceRadio-CanadaRIMQSNAP Qu\u00e9becToronto StarTVA Gatineau Clear filters Are&#8230;<\/p>\n","protected":false},"author":2,"featured_media":0,"parent":0,"menu_order":0,"comment_status":"closed","ping_status":"closed","template":"","meta":{"_kad_post_transparent":"","_kad_post_title":"","_kad_post_layout":"","_kad_post_sidebar_id":"","_kad_post_content_style":"","_kad_post_vertical_padding":"","_kad_post_feature":"","_kad_post_feature_position":"","_kad_post_header":false,"_kad_post_footer":false,"_kad_post_classname":"","iawp_total_views":40,"footnotes":""},"class_list":["post-3329","page","type-page","status-publish","hentry"],"_links":{"self":[{"href":"https:\/\/protectionpetitenation.com\/en\/wp-json\/wp\/v2\/pages\/3329","targetHints":{"allow":["GET"]}}],"collection":[{"href":"https:\/\/protectionpetitenation.com\/en\/wp-json\/wp\/v2\/pages"}],"about":[{"href":"https:\/\/protectionpetitenation.com\/en\/wp-json\/wp\/v2\/types\/page"}],"author":[{"embeddable":true,"href":"https:\/\/protectionpetitenation.com\/en\/wp-json\/wp\/v2\/users\/2"}],"replies":[{"embeddable":true,"href":"https:\/\/protectionpetitenation.com\/en\/wp-json\/wp\/v2\/comments?post=3329"}],"version-history":[{"count":0,"href":"https:\/\/protectionpetitenation.com\/en\/wp-json\/wp\/v2\/pages\/3329\/revisions"}],"wp:attachment":[{"href":"https:\/\/protectionpetitenation.com\/en\/wp-json\/wp\/v2\/media?parent=3329"}],"curies":[{"name":"wp","href":"https:\/\/api.w.org\/{rel}","templated":true}]}}