{"id":3248,"date":"2022-07-18T08:18:17","date_gmt":"2022-07-18T12:18:17","guid":{"rendered":"https:\/\/protectionpetitenation.com\/tiam\/"},"modified":"2025-06-30T23:38:51","modified_gmt":"2025-07-01T03:38:51","slug":"tiam","status":"publish","type":"page","link":"https:\/\/protectionpetitenation.com\/en\/tiam\/","title":{"rendered":"TIAM"},"content":{"rendered":"\t\t<div data-elementor-type=\"wp-page\" data-elementor-id=\"3248\" class=\"elementor elementor-3248 elementor-1173\" data-elementor-post-type=\"page\">\n\t\t\t\t\t\t<section class=\"elementor-section elementor-top-section elementor-element elementor-element-2d0a8e3 elementor-section-height-min-height elementor-section-boxed elementor-section-height-default elementor-section-items-middle\" data-id=\"2d0a8e3\" data-element_type=\"section\" data-e-type=\"section\" data-settings=\"{&quot;background_background&quot;:&quot;classic&quot;}\">\n\t\t\t\t\t\t<div class=\"elementor-container elementor-column-gap-default\">\n\t\t\t\t\t<div class=\"elementor-column elementor-col-100 elementor-top-column elementor-element elementor-element-64c1f20\" data-id=\"64c1f20\" data-element_type=\"column\" data-e-type=\"column\">\n\t\t\t<div class=\"elementor-widget-wrap elementor-element-populated\">\n\t\t\t\t\t\t<div class=\"elementor-element elementor-element-2ff2dc2 elementor-widget__width-auto e-transform elementor-widget-mobile__width-initial elementor-invisible elementor-widget elementor-widget-heading\" data-id=\"2ff2dc2\" data-element_type=\"widget\" data-e-type=\"widget\" data-settings=\"{&quot;_transform_rotateZ_effect&quot;:{&quot;unit&quot;:&quot;px&quot;,&quot;size&quot;:-3,&quot;sizes&quot;:[]},&quot;_animation&quot;:&quot;pulse&quot;,&quot;_transform_rotateZ_effect_tablet_extra&quot;:{&quot;unit&quot;:&quot;deg&quot;,&quot;size&quot;:&quot;&quot;,&quot;sizes&quot;:[]},&quot;_transform_rotateZ_effect_tablet&quot;:{&quot;unit&quot;:&quot;deg&quot;,&quot;size&quot;:&quot;&quot;,&quot;sizes&quot;:[]},&quot;_transform_rotateZ_effect_mobile&quot;:{&quot;unit&quot;:&quot;deg&quot;,&quot;size&quot;:&quot;&quot;,&quot;sizes&quot;:[]}}\" data-widget_type=\"heading.default\">\n\t\t\t\t<div class=\"elementor-widget-container\">\n\t\t\t\t\t<span class=\"elementor-heading-title elementor-size-default\">la petite-nation<\/span>\t\t\t\t<\/div>\n\t\t\t\t<\/div>\n\t\t\t\t<div class=\"elementor-element elementor-element-6e499ab6 elementor-invisible elementor-widget elementor-widget-heading\" data-id=\"6e499ab6\" data-element_type=\"widget\" data-e-type=\"widget\" data-settings=\"{&quot;_animation&quot;:&quot;fadeInLeft&quot;}\" data-widget_type=\"heading.default\">\n\t\t\t\t<div class=\"elementor-widget-container\">\n\t\t\t\t\t<h1 class=\"elementor-heading-title elementor-size-default\"><span class=\"sous-titre\">a territory<\/span> \nincompatible with <br>mining activity<\/h1>\t\t\t\t<\/div>\n\t\t\t\t<\/div>\n\t\t\t\t\t<\/div>\n\t\t<\/div>\n\t\t\t\t\t<\/div>\n\t\t<\/section>\n\t\t<div class=\"elementor-element elementor-element-2ea0bc2 e-flex e-con-boxed e-con e-parent\" data-id=\"2ea0bc2\" data-element_type=\"container\" data-e-type=\"container\">\n\t\t\t\t\t<div class=\"e-con-inner\">\n\t\t<div class=\"elementor-element elementor-element-d51bb49 e-con-full e-flex e-con e-child\" data-id=\"d51bb49\" data-element_type=\"container\" data-e-type=\"container\">\n\t\t\t\t<div class=\"elementor-element elementor-element-cc92a81 elementor-invisible elementor-widget elementor-widget-text-editor\" data-id=\"cc92a81\" data-element_type=\"widget\" data-e-type=\"widget\" data-settings=\"{&quot;_animation&quot;:&quot;fadeInLeft&quot;,&quot;_animation_delay&quot;:100}\" data-widget_type=\"text-editor.default\">\n\t\t\t\t<div class=\"elementor-widget-container\">\n\t\t\t\t\t\t\t\t\t<p>The Ministry must first change the rules for the identification of territories incompatible with mining activity (TIAM). Otherwise we will witness an explosion of mining activities in our region, and the definitive loss of exceptional territories with lakes and rivers.<\/p><p>The rules and guidelines in force are themselves &#8220;\u2009incompatible\u2009&#8221; with the true nature and true potential of our territories.<\/p><p>Currently, corridors and land protection margins are not established in a way that ensures the viability of populations or the safeguarding of existing activities in our communities: vacationing, tourism, outdoor activities, ecology, agriculture.<\/p>\t\t\t\t\t\t\t\t<\/div>\n\t\t\t\t<\/div>\n\t\t\t\t<\/div>\n\t\t<div class=\"elementor-element elementor-element-c0763a1 e-con-full e-flex e-con e-child\" data-id=\"c0763a1\" data-element_type=\"container\" data-e-type=\"container\">\n\t\t\t\t<div class=\"elementor-element elementor-element-2da0640 elementor-invisible elementor-widget elementor-widget-image\" data-id=\"2da0640\" data-element_type=\"widget\" data-e-type=\"widget\" data-settings=\"{&quot;motion_fx_motion_fx_mouse&quot;:&quot;yes&quot;,&quot;_animation&quot;:&quot;fadeInRight&quot;,&quot;_animation_delay&quot;:100}\" data-widget_type=\"image.default\">\n\t\t\t\t<div class=\"elementor-widget-container\">\n\t\t\t\t\t\t\t\t\t\t\t\t\t\t\t<img fetchpriority=\"high\" decoding=\"async\" width=\"719\" height=\"737\" src=\"https:\/\/protectionpetitenation.com\/wp-content\/uploads\/2022\/07\/monarques.jpg\" class=\"attachment-large size-large wp-image-3133\" alt=\"\" srcset=\"https:\/\/protectionpetitenation.com\/wp-content\/uploads\/2022\/07\/monarques.jpg 719w, https:\/\/protectionpetitenation.com\/wp-content\/uploads\/2022\/07\/monarques-293x300.jpg 293w\" sizes=\"(max-width: 719px) 100vw, 719px\" \/>\t\t\t\t\t\t\t\t\t\t\t\t\t\t\t<\/div>\n\t\t\t\t<\/div>\n\t\t\t\t<\/div>\n\t\t\t\t\t<\/div>\n\t\t\t\t<\/div>\n\t\t\t\t<section class=\"elementor-section elementor-top-section elementor-element elementor-element-21eb6f0 elementor-section-boxed elementor-section-height-default elementor-section-height-default\" data-id=\"21eb6f0\" data-element_type=\"section\" data-e-type=\"section\" data-settings=\"{&quot;background_background&quot;:&quot;classic&quot;}\">\n\t\t\t\t\t\t<div class=\"elementor-container elementor-column-gap-no\">\n\t\t\t\t\t<div class=\"elementor-column elementor-col-100 elementor-top-column elementor-element elementor-element-ddd6537\" data-id=\"ddd6537\" data-element_type=\"column\" data-e-type=\"column\">\n\t\t\t<div class=\"elementor-widget-wrap elementor-element-populated\">\n\t\t\t\t\t\t<div class=\"elementor-element elementor-element-df1306c elementor-widget__width-auto e-transform elementor-invisible elementor-widget elementor-widget-heading\" data-id=\"df1306c\" data-element_type=\"widget\" data-e-type=\"widget\" data-settings=\"{&quot;_transform_rotateZ_effect&quot;:{&quot;unit&quot;:&quot;px&quot;,&quot;size&quot;:-2,&quot;sizes&quot;:[]},&quot;_animation&quot;:&quot;pulse&quot;,&quot;_transform_rotateZ_effect_tablet_extra&quot;:{&quot;unit&quot;:&quot;deg&quot;,&quot;size&quot;:&quot;&quot;,&quot;sizes&quot;:[]},&quot;_transform_rotateZ_effect_tablet&quot;:{&quot;unit&quot;:&quot;deg&quot;,&quot;size&quot;:&quot;&quot;,&quot;sizes&quot;:[]},&quot;_transform_rotateZ_effect_mobile&quot;:{&quot;unit&quot;:&quot;deg&quot;,&quot;size&quot;:&quot;&quot;,&quot;sizes&quot;:[]}}\" data-widget_type=\"heading.default\">\n\t\t\t\t<div class=\"elementor-widget-container\">\n\t\t\t\t\t<span class=\"elementor-heading-title elementor-size-default\">Our opinion on <\/span>\t\t\t\t<\/div>\n\t\t\t\t<\/div>\n\t\t\t\t<div class=\"elementor-element elementor-element-de366ec elementor-invisible elementor-widget elementor-widget-heading\" data-id=\"de366ec\" data-element_type=\"widget\" data-e-type=\"widget\" data-settings=\"{&quot;_animation&quot;:&quot;fadeInUp&quot;}\" data-widget_type=\"heading.default\">\n\t\t\t\t<div class=\"elementor-widget-container\">\n\t\t\t\t\t<h2 class=\"elementor-heading-title elementor-size-default\">tiams and <br>claims<br>\n<\/h2>\t\t\t\t<\/div>\n\t\t\t\t<\/div>\n\t\t\t\t<div class=\"elementor-element elementor-element-52f0303 elementor-invisible elementor-widget elementor-widget-heading\" data-id=\"52f0303\" data-element_type=\"widget\" data-e-type=\"widget\" data-settings=\"{&quot;_animation&quot;:&quot;fadeInLeft&quot;}\" data-widget_type=\"heading.default\">\n\t\t\t\t<div class=\"elementor-widget-container\">\n\t\t\t\t\t<h2 class=\"elementor-heading-title elementor-size-default\">the urgency of updating the rules \nsurrounding the mining industry<\/h2>\t\t\t\t<\/div>\n\t\t\t\t<\/div>\n\t\t\t\t<div class=\"elementor-element elementor-element-055cb68 elementor-invisible elementor-widget elementor-widget-text-editor\" data-id=\"055cb68\" data-element_type=\"widget\" data-e-type=\"widget\" data-settings=\"{&quot;_animation&quot;:&quot;fadeIn&quot;,&quot;_animation_delay&quot;:200}\" data-widget_type=\"text-editor.default\">\n\t\t\t\t<div class=\"elementor-widget-container\">\n\t\t\t\t\t\t\t\t\t<p>We recognize the merits of the TIAMs as a means of delimiting the access of the mining industry to the territories of Quebec. That said, the rules and guidelines surrounding the recognition of TIAMs do not really allow us to protect our lakes, our rivers, and our resort and tourism environments. Also the act of reserving \u201cin perpetuity\u201d these lands for the benefit of the mining industry would forever prevent the development of outdoor activities on said territories.<\/p><p>By drawing up these maps (<a href=\"https:\/\/mern.gouv.qc.ca\/mines\/orientation-gouvernementale-en-matiere-damenagement-du-territoire-ogat\/\" target=\"_blank\" rel=\"noopener\">TIAM<\/a>) for the Ministry\u2019s approval, the authorities of several MRCs (Municipalit\u00e9 R\u00e9gionale de Comt\u00e9) or RCMs (Regional County Municipality) realised that the rules and guidelines in force were &#8220;\u2009incompatible\u2009&#8221; with the true nature and true potential of their respective territories. In fact, when several MRCs individually presented their TIAM map, they were refused by the Ministry. This is why a group of MRC\u2019s is working together to encourage the government to modify these rules and guidelines.<\/p><p>If we agree to entrust the MRCs (a local government) with the task of determining which territories are incompatible, why not listen carefully to them and their citizens who know the nature of their lands better than anyone else?<\/p><p>Finally, it is a safe bet that if the entire TIAM project were agreed upon in accordance with current ministerial rules, we would see an explosion of new claims, particularly in southern Quebec. The citizens would see exceptional regions, which belong to them, going into the hands of the mining industry and being lost forever.<\/p>\t\t\t\t\t\t\t\t<\/div>\n\t\t\t\t<\/div>\n\t\t\t\t<div class=\"elementor-element elementor-element-00c72c6 elementor-widget elementor-widget-image\" data-id=\"00c72c6\" data-element_type=\"widget\" data-e-type=\"widget\" data-widget_type=\"image.default\">\n\t\t\t\t<div class=\"elementor-widget-container\">\n\t\t\t\t\t\t\t\t\t\t\t\t\t\t\t\t<a href=\"https:\/\/protectionpetitenation.com\/wp-content\/uploads\/2022\/08\/169_Claims-miniers-aout-2022v21.jpeg\" data-elementor-open-lightbox=\"yes\" data-elementor-lightbox-title=\"169_Claims miniers aout 2022b\" data-e-action-hash=\"#elementor-action%3Aaction%3Dlightbox%26settings%3DeyJpZCI6MzE5NywidXJsIjoiaHR0cHM6XC9cL3Byb3RlY3Rpb25wZXRpdGVuYXRpb24uY29tXC93cC1jb250ZW50XC91cGxvYWRzXC8yMDIyXC8wOFwvMTY5X0NsYWltcy1taW5pZXJzLWFvdXQtMjAyMnYyMS5qcGVnIn0%3D\">\n\t\t\t\t\t\t\t<img decoding=\"async\" width=\"1024\" height=\"763\" src=\"https:\/\/protectionpetitenation.com\/wp-content\/uploads\/2022\/08\/169_Claims-miniers-aout-2022v21-1024x763.jpeg\" class=\"attachment-large size-large wp-image-3197\" alt=\"\" srcset=\"https:\/\/protectionpetitenation.com\/wp-content\/uploads\/2022\/08\/169_Claims-miniers-aout-2022v21-1024x763.jpeg 1024w, https:\/\/protectionpetitenation.com\/wp-content\/uploads\/2022\/08\/169_Claims-miniers-aout-2022v21-300x224.jpeg 300w, https:\/\/protectionpetitenation.com\/wp-content\/uploads\/2022\/08\/169_Claims-miniers-aout-2022v21-768x572.jpeg 768w, https:\/\/protectionpetitenation.com\/wp-content\/uploads\/2022\/08\/169_Claims-miniers-aout-2022v21.jpeg 1280w\" sizes=\"(max-width: 1024px) 100vw, 1024px\" \/>\t\t\t\t\t\t\t\t<\/a>\n\t\t\t\t\t\t\t\t\t\t\t\t\t\t\t<\/div>\n\t\t\t\t<\/div>\n\t\t\t\t\t<\/div>\n\t\t<\/div>\n\t\t\t\t\t<\/div>\n\t\t<\/section>\n\t\t<div class=\"elementor-element elementor-element-54010c4 e-flex e-con-boxed e-con e-parent\" data-id=\"54010c4\" data-element_type=\"container\" data-e-type=\"container\">\n\t\t\t\t\t<div class=\"e-con-inner\">\n\t\t<div class=\"elementor-element elementor-element-069e784 e-con-full e-flex e-con e-child\" data-id=\"069e784\" data-element_type=\"container\" data-e-type=\"container\">\n\t\t\t\t<div class=\"elementor-element elementor-element-699d1a7 elementor-widget__width-auto e-transform elementor-widget-tablet_extra__width-initial elementor-invisible elementor-widget elementor-widget-heading\" data-id=\"699d1a7\" data-element_type=\"widget\" data-e-type=\"widget\" data-settings=\"{&quot;_transform_rotateZ_effect&quot;:{&quot;unit&quot;:&quot;px&quot;,&quot;size&quot;:-3,&quot;sizes&quot;:[]},&quot;_animation&quot;:&quot;pulse&quot;,&quot;_transform_rotateZ_effect_tablet_extra&quot;:{&quot;unit&quot;:&quot;deg&quot;,&quot;size&quot;:&quot;&quot;,&quot;sizes&quot;:[]},&quot;_transform_rotateZ_effect_tablet&quot;:{&quot;unit&quot;:&quot;deg&quot;,&quot;size&quot;:&quot;&quot;,&quot;sizes&quot;:[]},&quot;_transform_rotateZ_effect_mobile&quot;:{&quot;unit&quot;:&quot;deg&quot;,&quot;size&quot;:&quot;&quot;,&quot;sizes&quot;:[]}}\" data-widget_type=\"heading.default\">\n\t\t\t\t<div class=\"elementor-widget-container\">\n\t\t\t\t\t<span class=\"elementor-heading-title elementor-size-default\">an imminent threat<\/span>\t\t\t\t<\/div>\n\t\t\t\t<\/div>\n\t\t\t\t<div class=\"elementor-element elementor-element-11f50af elementor-invisible elementor-widget elementor-widget-heading\" data-id=\"11f50af\" data-element_type=\"widget\" data-e-type=\"widget\" data-settings=\"{&quot;_animation&quot;:&quot;fadeInLeft&quot;}\" data-widget_type=\"heading.default\">\n\t\t\t\t<div class=\"elementor-widget-container\">\n\t\t\t\t\t<h2 class=\"elementor-heading-title elementor-size-default\">for the \nPapineau-Labelle \n<span class=\"sous-titre\">reserve<\/span> <\/h2>\t\t\t\t<\/div>\n\t\t\t\t<\/div>\n\t\t\t\t<div class=\"elementor-element elementor-element-11b5e19 elementor-invisible elementor-widget elementor-widget-text-editor\" data-id=\"11b5e19\" data-element_type=\"widget\" data-e-type=\"widget\" data-settings=\"{&quot;_animation&quot;:&quot;fadeIn&quot;,&quot;_animation_delay&quot;:300}\" data-widget_type=\"text-editor.default\">\n\t\t\t\t<div class=\"elementor-widget-container\">\n\t\t\t\t\t\t\t\t\t<p>This Reserve is particularly at risk because there are graphite claims all around and even inside the Reserve. If these claims (referring to the maps) were finally accepted according to the rules of the Ministry, the Papineau-Labelle Nature Reserve would inevitably become a mining waste.<\/p>\t\t\t\t\t\t\t\t<\/div>\n\t\t\t\t<\/div>\n\t\t\t\t<\/div>\n\t\t<div class=\"elementor-element elementor-element-8c241ca e-con-full e-flex e-con e-child\" data-id=\"8c241ca\" data-element_type=\"container\" data-e-type=\"container\">\n\t\t\t\t<div class=\"elementor-element elementor-element-9499921 elementor-invisible elementor-widget elementor-widget-image\" data-id=\"9499921\" data-element_type=\"widget\" data-e-type=\"widget\" data-settings=\"{&quot;_animation&quot;:&quot;fadeIn&quot;}\" data-widget_type=\"image.default\">\n\t\t\t\t<div class=\"elementor-widget-container\">\n\t\t\t\t\t\t\t\t\t\t\t\t\t\t\t<img decoding=\"async\" width=\"571\" height=\"608\" src=\"https:\/\/protectionpetitenation.com\/wp-content\/uploads\/2022\/07\/orignal-dans-marais.jpg\" class=\"attachment-large size-large wp-image-3134\" alt=\"orignal dans un marais\" srcset=\"https:\/\/protectionpetitenation.com\/wp-content\/uploads\/2022\/07\/orignal-dans-marais.jpg 571w, https:\/\/protectionpetitenation.com\/wp-content\/uploads\/2022\/07\/orignal-dans-marais-282x300.jpg 282w\" sizes=\"(max-width: 571px) 100vw, 571px\" \/>\t\t\t\t\t\t\t\t\t\t\t\t\t\t\t<\/div>\n\t\t\t\t<\/div>\n\t\t\t\t<\/div>\n\t\t\t\t\t<\/div>\n\t\t\t\t<\/div>\n\t\t\t\t<section class=\"elementor-section elementor-top-section elementor-element elementor-element-9433bca elementor-section-height-min-height elementor-section-content-middle elementor-section-boxed elementor-section-height-default elementor-section-items-middle\" data-id=\"9433bca\" data-element_type=\"section\" data-e-type=\"section\" data-settings=\"{&quot;background_background&quot;:&quot;classic&quot;}\">\n\t\t\t\t\t\t<div class=\"elementor-container elementor-column-gap-default\">\n\t\t\t\t\t<div class=\"elementor-column elementor-col-100 elementor-top-column elementor-element elementor-element-232ebd66\" data-id=\"232ebd66\" data-element_type=\"column\" data-e-type=\"column\">\n\t\t\t<div class=\"elementor-widget-wrap elementor-element-populated\">\n\t\t\t\t\t\t<div class=\"elementor-element elementor-element-13c1f842 elementor-widget elementor-widget-heading\" data-id=\"13c1f842\" data-element_type=\"widget\" data-e-type=\"widget\" data-widget_type=\"heading.default\">\n\t\t\t\t<div class=\"elementor-widget-container\">\n\t\t\t\t\t<span class=\"elementor-heading-title elementor-size-default\">\u201cHow to protect our territory?\u201c<\/span>\t\t\t\t<\/div>\n\t\t\t\t<\/div>\n\t\t\t\t\t<\/div>\n\t\t<\/div>\n\t\t\t\t\t<\/div>\n\t\t<\/section>\n\t\t\t\t<section class=\"elementor-section elementor-top-section elementor-element elementor-element-95d6a67 elementor-section-boxed elementor-section-height-default elementor-section-height-default\" data-id=\"95d6a67\" data-element_type=\"section\" data-e-type=\"section\">\n\t\t\t\t\t\t<div class=\"elementor-container elementor-column-gap-default\">\n\t\t\t\t\t<div class=\"elementor-column elementor-col-66 elementor-top-column elementor-element elementor-element-9634597\" data-id=\"9634597\" data-element_type=\"column\" data-e-type=\"column\">\n\t\t\t<div class=\"elementor-widget-wrap elementor-element-populated\">\n\t\t\t\t\t\t<div class=\"elementor-element elementor-element-7b1daa65 elementor-invisible elementor-widget elementor-widget-heading\" data-id=\"7b1daa65\" data-element_type=\"widget\" data-e-type=\"widget\" data-settings=\"{&quot;_animation&quot;:&quot;fadeInLeft&quot;}\" data-widget_type=\"heading.default\">\n\t\t\t\t<div class=\"elementor-widget-container\">\n\t\t\t\t\t<h2 class=\"elementor-heading-title elementor-size-default\">By supporting the Regroupement de la Protection des Lacs de la Petite-Nation (RPLPN)<\/h2>\t\t\t\t<\/div>\n\t\t\t\t<\/div>\n\t\t\t\t<div class=\"elementor-element elementor-element-5bfea7c9 elementor-widget-divider--view-line elementor-invisible elementor-widget elementor-widget-divider\" data-id=\"5bfea7c9\" data-element_type=\"widget\" data-e-type=\"widget\" data-settings=\"{&quot;_animation&quot;:&quot;fadeIn&quot;}\" data-widget_type=\"divider.default\">\n\t\t\t\t<div class=\"elementor-widget-container\">\n\t\t\t\t\t\t\t<div class=\"elementor-divider\">\n\t\t\t<span class=\"elementor-divider-separator\">\n\t\t\t\t\t\t<\/span>\n\t\t<\/div>\n\t\t\t\t\t\t<\/div>\n\t\t\t\t<\/div>\n\t\t\t\t<div class=\"elementor-element elementor-element-41587fde elementor-invisible elementor-widget elementor-widget-text-editor\" data-id=\"41587fde\" data-element_type=\"widget\" data-e-type=\"widget\" data-settings=\"{&quot;_animation&quot;:&quot;fadeIn&quot;}\" data-widget_type=\"text-editor.default\">\n\t\t\t\t<div class=\"elementor-widget-container\">\n\t\t\t\t\t\t\t\t\t<p>The rules for the protection of the land, established by the Government, go against both the environment, and the well-being of the population.<\/p>\t\t\t\t\t\t\t\t<\/div>\n\t\t\t\t<\/div>\n\t\t\t\t\t<\/div>\n\t\t<\/div>\n\t\t\t\t<div class=\"elementor-column elementor-col-33 elementor-top-column elementor-element elementor-element-46e0c922\" data-id=\"46e0c922\" data-element_type=\"column\" data-e-type=\"column\">\n\t\t\t<div class=\"elementor-widget-wrap elementor-element-populated\">\n\t\t\t\t\t\t<div class=\"elementor-element elementor-element-3ef0e7d3 elementor-align-center elementor-invisible elementor-widget elementor-widget-button\" data-id=\"3ef0e7d3\" data-element_type=\"widget\" data-e-type=\"widget\" data-settings=\"{&quot;_animation&quot;:&quot;fadeInRight&quot;}\" data-widget_type=\"button.default\">\n\t\t\t\t<div class=\"elementor-widget-container\">\n\t\t\t\t\t\t\t\t\t<div class=\"elementor-button-wrapper\">\n\t\t\t\t\t<a class=\"elementor-button elementor-button-link elementor-size-sm\" href=\"https:\/\/protectionpetitenation.com\/en\/simplified-guide-to-the-mining-context-in-quebec\/\">\n\t\t\t\t\t\t<span class=\"elementor-button-content-wrapper\">\n\t\t\t\t\t\t\t\t\t<span class=\"elementor-button-text\">mining context in quebec<\/span>\n\t\t\t\t\t<\/span>\n\t\t\t\t\t<\/a>\n\t\t\t\t<\/div>\n\t\t\t\t\t\t\t\t<\/div>\n\t\t\t\t<\/div>\n\t\t\t\t\t<\/div>\n\t\t<\/div>\n\t\t\t\t\t<\/div>\n\t\t<\/section>\n\t\t\t\t<\/div>\n\t\t","protected":false},"excerpt":{"rendered":"<p>la petite-nation a territory incompatible with mining activity The Ministry must first change the rules for the identification of territories incompatible with mining activity (TIAM). Otherwise we will witness an explosion of mining activities in our region, and the definitive loss of exceptional territories with lakes and rivers. The rules and guidelines in force are&#8230;<\/p>\n","protected":false},"author":2,"featured_media":0,"parent":0,"menu_order":0,"comment_status":"closed","ping_status":"closed","template":"","meta":{"_kad_post_transparent":"","_kad_post_title":"","_kad_post_layout":"","_kad_post_sidebar_id":"","_kad_post_content_style":"","_kad_post_vertical_padding":"","_kad_post_feature":"","_kad_post_feature_position":"","_kad_post_header":false,"_kad_post_footer":false,"_kad_post_classname":"","iawp_total_views":9,"footnotes":""},"class_list":["post-3248","page","type-page","status-publish","hentry"],"_links":{"self":[{"href":"https:\/\/protectionpetitenation.com\/en\/wp-json\/wp\/v2\/pages\/3248","targetHints":{"allow":["GET"]}}],"collection":[{"href":"https:\/\/protectionpetitenation.com\/en\/wp-json\/wp\/v2\/pages"}],"about":[{"href":"https:\/\/protectionpetitenation.com\/en\/wp-json\/wp\/v2\/types\/page"}],"author":[{"embeddable":true,"href":"https:\/\/protectionpetitenation.com\/en\/wp-json\/wp\/v2\/users\/2"}],"replies":[{"embeddable":true,"href":"https:\/\/protectionpetitenation.com\/en\/wp-json\/wp\/v2\/comments?post=3248"}],"version-history":[{"count":0,"href":"https:\/\/protectionpetitenation.com\/en\/wp-json\/wp\/v2\/pages\/3248\/revisions"}],"wp:attachment":[{"href":"https:\/\/protectionpetitenation.com\/en\/wp-json\/wp\/v2\/media?parent=3248"}],"curies":[{"name":"wp","href":"https:\/\/api.w.org\/{rel}","templated":true}]}}